{"id":1464,"date":"2024-11-09T13:55:03","date_gmt":"2024-11-09T12:55:03","guid":{"rendered":"https:\/\/staff4you.info\/?page_id=1464"},"modified":"2025-09-26T20:27:30","modified_gmt":"2025-09-26T18:27:30","slug":"about","status":"publish","type":"page","link":"https:\/\/staff4you.info\/en\/","title":{"rendered":"About"},"content":{"rendered":"<div data-elementor-type=\"wp-post\" data-elementor-id=\"1464\" class=\"elementor elementor-1464\">\n\t\t\t\t<div class=\"elementor-element elementor-element-f0b3181 e-flex e-con-boxed elementor-invisible e-con e-parent\" data-id=\"f0b3181\" data-element_type=\"container\" data-settings=\"{&quot;background_background&quot;:&quot;classic&quot;,&quot;animation&quot;:&quot;fadeIn&quot;}\">\n\t\t\t\t\t<div class=\"e-con-inner\">\n\t\t<div class=\"elementor-element elementor-element-b17abf7 e-con-full e-flex e-con e-child\" data-id=\"b17abf7\" data-element_type=\"container\" data-settings=\"{&quot;background_background&quot;:&quot;classic&quot;}\">\n\t\t\t\t<div class=\"elementor-element elementor-element-6878345 elementor-widget__width-initial elementor-widget elementor-widget-heading\" data-id=\"6878345\" data-element_type=\"widget\" data-widget_type=\"heading.default\">\n\t\t\t\t<div class=\"elementor-widget-container\">\n\t\t\t<h1 class=\"elementor-heading-title elementor-size-default\">Our Mission and Values<\/h1>\t\t<\/div>\n\t\t\t\t<\/div>\n\t\t\t\t<div class=\"elementor-element elementor-element-3e7b7d8 elementor-widget elementor-widget-text-editor\" data-id=\"3e7b7d8\" data-element_type=\"widget\" data-widget_type=\"text-editor.default\">\n\t\t\t\t<div class=\"elementor-widget-container\">\n\t\t\t\t\t\t\t<p><span style=\"color: #ffffff;\"><b>We connect companies with talent, creating opportunities for growth and success<\/b><\/span><\/p>\t\t\t\t\t\t<\/div>\n\t\t\t\t<\/div>\n\t\t\t\t<\/div>\n\t\t\t\t\t<\/div>\n\t\t\t\t<\/div>\n\t\t<div class=\"elementor-element elementor-element-57d9e8f e-flex e-con-boxed e-con e-parent\" data-id=\"57d9e8f\" data-element_type=\"container\" data-settings=\"{&quot;background_background&quot;:&quot;classic&quot;}\">\n\t\t\t\t\t<div class=\"e-con-inner\">\n\t\t<div class=\"elementor-element elementor-element-ceb58e5 e-con-full e-flex e-con e-child\" data-id=\"ceb58e5\" data-element_type=\"container\" data-settings=\"{&quot;background_background&quot;:&quot;gradient&quot;}\">\n\t\t<div class=\"elementor-element elementor-element-03404cf e-con-full e-flex e-con e-child\" data-id=\"03404cf\" data-element_type=\"container\" data-settings=\"{&quot;background_background&quot;:&quot;classic&quot;}\">\n\t\t\t\t<div class=\"elementor-element elementor-element-1a34d1a elementor-widget-divider--view-line elementor-widget elementor-widget-divider\" data-id=\"1a34d1a\" data-element_type=\"widget\" data-widget_type=\"divider.default\">\n\t\t\t\t<div class=\"elementor-widget-container\">\n\t\t\t\t\t<div class=\"elementor-divider\">\n\t\t\t<span class=\"elementor-divider-separator\">\n\t\t\t\t\t\t<\/span>\n\t\t<\/div>\n\t\t\t\t<\/div>\n\t\t\t\t<\/div>\n\t\t\t\t<div class=\"elementor-element elementor-element-fea0c09 elementor-widget elementor-widget-heading\" data-id=\"fea0c09\" data-element_type=\"widget\" data-widget_type=\"heading.default\">\n\t\t\t\t<div class=\"elementor-widget-container\">\n\t\t\t<h3 class=\"elementor-heading-title elementor-size-default\">Who we are <\/h3>\t\t<\/div>\n\t\t\t\t<\/div>\n\t\t\t\t<div class=\"elementor-element elementor-element-a4293c1 elementor-widget elementor-widget-text-editor\" data-id=\"a4293c1\" data-element_type=\"widget\" data-widget_type=\"text-editor.default\">\n\t\t\t\t<div class=\"elementor-widget-container\">\n\t\t\t\t\t\t\t<p>We are an employment agency that helps employers and candidates find the perfect match. We are your HRB Partner, recruitment assistant and advisor.  Our aim is to support you at every stage of your career journey.\u00a0<\/p>\t\t\t\t\t\t<\/div>\n\t\t\t\t<\/div>\n\t\t\t\t<\/div>\n\t\t<div class=\"elementor-element elementor-element-cf29d52 e-con-full e-flex e-con e-child\" data-id=\"cf29d52\" data-element_type=\"container\" data-settings=\"{&quot;background_background&quot;:&quot;classic&quot;}\">\n\t\t\t\t<div class=\"elementor-element elementor-element-10c144f elementor-widget-divider--view-line elementor-widget elementor-widget-divider\" data-id=\"10c144f\" data-element_type=\"widget\" data-widget_type=\"divider.default\">\n\t\t\t\t<div class=\"elementor-widget-container\">\n\t\t\t\t\t<div class=\"elementor-divider\">\n\t\t\t<span class=\"elementor-divider-separator\">\n\t\t\t\t\t\t<\/span>\n\t\t<\/div>\n\t\t\t\t<\/div>\n\t\t\t\t<\/div>\n\t\t\t\t<div class=\"elementor-element elementor-element-4b47812 elementor-widget elementor-widget-heading\" data-id=\"4b47812\" data-element_type=\"widget\" data-widget_type=\"heading.default\">\n\t\t\t\t<div class=\"elementor-widget-container\">\n\t\t\t<h3 class=\"elementor-heading-title elementor-size-default\">Our mission <\/h3>\t\t<\/div>\n\t\t\t\t<\/div>\n\t\t\t\t<div class=\"elementor-element elementor-element-1a62bc8 elementor-widget elementor-widget-text-editor\" data-id=\"1a62bc8\" data-element_type=\"widget\" data-widget_type=\"text-editor.default\">\n\t\t\t\t<div class=\"elementor-widget-container\">\n\t\t\t\t\t\t\t<p>Our mission is to help candidates discover their full professional potential and to support companies in attracting talent that will contribute to their growth. We focus on empathy, professionalism and commitment at every stage of our collaboration<\/p>\t\t\t\t\t\t<\/div>\n\t\t\t\t<\/div>\n\t\t\t\t<\/div>\n\t\t<div class=\"elementor-element elementor-element-1266668 e-con-full e-flex e-con e-child\" data-id=\"1266668\" data-element_type=\"container\" data-settings=\"{&quot;background_background&quot;:&quot;classic&quot;}\">\n\t\t\t\t<div class=\"elementor-element elementor-element-8cf3350 elementor-widget-divider--view-line elementor-widget elementor-widget-divider\" data-id=\"8cf3350\" data-element_type=\"widget\" data-widget_type=\"divider.default\">\n\t\t\t\t<div class=\"elementor-widget-container\">\n\t\t\t\t\t<div class=\"elementor-divider\">\n\t\t\t<span class=\"elementor-divider-separator\">\n\t\t\t\t\t\t<\/span>\n\t\t<\/div>\n\t\t\t\t<\/div>\n\t\t\t\t<\/div>\n\t\t\t\t<div class=\"elementor-element elementor-element-3f3d1b4 elementor-widget elementor-widget-heading\" data-id=\"3f3d1b4\" data-element_type=\"widget\" data-widget_type=\"heading.default\">\n\t\t\t\t<div class=\"elementor-widget-container\">\n\t\t\t<h3 class=\"elementor-heading-title elementor-size-default\">Why we<\/h3>\t\t<\/div>\n\t\t\t\t<\/div>\n\t\t\t\t<div class=\"elementor-element elementor-element-9732366 elementor-widget elementor-widget-text-editor\" data-id=\"9732366\" data-element_type=\"widget\" data-widget_type=\"text-editor.default\">\n\t\t\t\t<div class=\"elementor-widget-container\">\n\t\t\t\t\t\t\t<p>Although we are a fairly young recruitment agency, we already have the experience and ambition to become a trusted partner for both candidates and employers. With our passion and personalised approach, we offer cutting-edge recruitment solutions.\u00a0<\/p>\t\t\t\t\t\t<\/div>\n\t\t\t\t<\/div>\n\t\t\t\t<\/div>\n\t\t\t\t<\/div>\n\t\t\t\t\t<\/div>\n\t\t\t\t<\/div>\n\t\t<div class=\"elementor-element elementor-element-b3cc627 e-flex e-con-boxed e-con e-parent\" data-id=\"b3cc627\" data-element_type=\"container\" data-settings=\"{&quot;background_background&quot;:&quot;gradient&quot;}\">\n\t\t\t\t\t<div class=\"e-con-inner\">\n\t\t\t\t<div class=\"elementor-element elementor-element-b30a678 elementor-widget elementor-widget-heading\" data-id=\"b30a678\" data-element_type=\"widget\" data-widget_type=\"heading.default\">\n\t\t\t\t<div class=\"elementor-widget-container\">\n\t\t\t<h2 class=\"elementor-heading-title elementor-size-default\">Our Values<\/h2>\t\t<\/div>\n\t\t\t\t<\/div>\n\t\t<div class=\"elementor-element elementor-element-c5c37c3 e-con-full e-flex e-con e-child\" data-id=\"c5c37c3\" data-element_type=\"container\">\n\t\t<div class=\"elementor-element elementor-element-9a3243d e-con-full e-flex e-con e-child\" data-id=\"9a3243d\" data-element_type=\"container\">\n\t\t<div class=\"elementor-element elementor-element-a465631 e-con-full e-flex e-con e-child\" data-id=\"a465631\" data-element_type=\"container\">\n\t\t\t\t<div class=\"elementor-element elementor-element-bdd8530 elementor-widget elementor-widget-heading\" data-id=\"bdd8530\" data-element_type=\"widget\" data-widget_type=\"heading.default\">\n\t\t\t\t<div class=\"elementor-widget-container\">\n\t\t\t<h6 class=\"elementor-heading-title elementor-size-default\">01.<\/h6>\t\t<\/div>\n\t\t\t\t<\/div>\n\t\t\t\t<div class=\"elementor-element elementor-element-4cea72a elementor-widget elementor-widget-heading\" data-id=\"4cea72a\" data-element_type=\"widget\" data-widget_type=\"heading.default\">\n\t\t\t\t<div class=\"elementor-widget-container\">\n\t\t\t<h4 class=\"elementor-heading-title elementor-size-default\">Professionalism<\/h4>\t\t<\/div>\n\t\t\t\t<\/div>\n\t\t\t\t<div class=\"elementor-element elementor-element-fc99bc1 elementor-widget elementor-widget-text-editor\" data-id=\"fc99bc1\" data-element_type=\"widget\" data-widget_type=\"text-editor.default\">\n\t\t\t\t<div class=\"elementor-widget-container\">\n\t\t\t\t\t\t\t<p>We focus on a high and intimate quality of service that sets us apart in the recruitment market.<\/p>\t\t\t\t\t\t<\/div>\n\t\t\t\t<\/div>\n\t\t\t\t<\/div>\n\t\t<div class=\"elementor-element elementor-element-75c9278 e-con-full e-flex e-con e-child\" data-id=\"75c9278\" data-element_type=\"container\">\n\t\t\t\t<div class=\"elementor-element elementor-element-c4de269 elementor-widget elementor-widget-heading\" data-id=\"c4de269\" data-element_type=\"widget\" data-widget_type=\"heading.default\">\n\t\t\t\t<div class=\"elementor-widget-container\">\n\t\t\t<h6 class=\"elementor-heading-title elementor-size-default\">02.<\/h6>\t\t<\/div>\n\t\t\t\t<\/div>\n\t\t\t\t<div class=\"elementor-element elementor-element-58d2a93 elementor-widget elementor-widget-heading\" data-id=\"58d2a93\" data-element_type=\"widget\" data-widget_type=\"heading.default\">\n\t\t\t\t<div class=\"elementor-widget-container\">\n\t\t\t<h4 class=\"elementor-heading-title elementor-size-default\">Commitment<\/h4>\t\t<\/div>\n\t\t\t\t<\/div>\n\t\t\t\t<div class=\"elementor-element elementor-element-11037f6 elementor-widget elementor-widget-text-editor\" data-id=\"11037f6\" data-element_type=\"widget\" data-widget_type=\"text-editor.default\">\n\t\t\t\t<div class=\"elementor-widget-container\">\n\t\t\t\t\t\t\t<p>We act with complete dedication to ensure that every collaboration ends in success.\u00a0<\/p>\t\t\t\t\t\t<\/div>\n\t\t\t\t<\/div>\n\t\t\t\t<\/div>\n\t\t<div class=\"elementor-element elementor-element-1625cab e-con-full e-flex e-con e-child\" data-id=\"1625cab\" data-element_type=\"container\">\n\t\t\t\t<div class=\"elementor-element elementor-element-705a26e elementor-widget elementor-widget-heading\" data-id=\"705a26e\" data-element_type=\"widget\" data-widget_type=\"heading.default\">\n\t\t\t\t<div class=\"elementor-widget-container\">\n\t\t\t<h6 class=\"elementor-heading-title elementor-size-default\">03.<\/h6>\t\t<\/div>\n\t\t\t\t<\/div>\n\t\t\t\t<div class=\"elementor-element elementor-element-bf386fb elementor-widget elementor-widget-heading\" data-id=\"bf386fb\" data-element_type=\"widget\" data-widget_type=\"heading.default\">\n\t\t\t\t<div class=\"elementor-widget-container\">\n\t\t\t<h4 class=\"elementor-heading-title elementor-size-default\">Tansparency<\/h4>\t\t<\/div>\n\t\t\t\t<\/div>\n\t\t\t\t<div class=\"elementor-element elementor-element-32d273f elementor-widget elementor-widget-text-editor\" data-id=\"32d273f\" data-element_type=\"widget\" data-widget_type=\"text-editor.default\">\n\t\t\t\t<div class=\"elementor-widget-container\">\n\t\t\t\t\t\t\t<p>We communicate openly and ensure that every step of the process is clear to both parties.<\/p>\t\t\t\t\t\t<\/div>\n\t\t\t\t<\/div>\n\t\t\t\t<\/div>\n\t\t\t\t<\/div>\n\t\t<div class=\"elementor-element elementor-element-1870d52 e-con-full e-flex e-con e-child\" data-id=\"1870d52\" data-element_type=\"container\">\n\t\t<div class=\"elementor-element elementor-element-08d5da4 e-con-full e-flex e-con e-child\" data-id=\"08d5da4\" data-element_type=\"container\">\n\t\t\t\t<div class=\"elementor-element elementor-element-eaa715f elementor-widget elementor-widget-heading\" data-id=\"eaa715f\" data-element_type=\"widget\" data-widget_type=\"heading.default\">\n\t\t\t\t<div class=\"elementor-widget-container\">\n\t\t\t<h6 class=\"elementor-heading-title elementor-size-default\">04.<\/h6>\t\t<\/div>\n\t\t\t\t<\/div>\n\t\t\t\t<div class=\"elementor-element elementor-element-037a4bc elementor-widget elementor-widget-heading\" data-id=\"037a4bc\" data-element_type=\"widget\" data-widget_type=\"heading.default\">\n\t\t\t\t<div class=\"elementor-widget-container\">\n\t\t\t<h4 class=\"elementor-heading-title elementor-size-default\">People are a priority<\/h4>\t\t<\/div>\n\t\t\t\t<\/div>\n\t\t\t\t<div class=\"elementor-element elementor-element-ef27720 elementor-widget elementor-widget-text-editor\" data-id=\"ef27720\" data-element_type=\"widget\" data-widget_type=\"text-editor.default\">\n\t\t\t\t<div class=\"elementor-widget-container\">\n\t\t\t\t\t\t\t<p>We value the individuality and potential of each candidate and respect the needs and goals of our clients<\/p>\t\t\t\t\t\t<\/div>\n\t\t\t\t<\/div>\n\t\t\t\t<\/div>\n\t\t<div class=\"elementor-element elementor-element-a2f97a9 e-con-full e-flex e-con e-child\" data-id=\"a2f97a9\" data-element_type=\"container\">\n\t\t\t\t<div class=\"elementor-element elementor-element-e401795 elementor-widget elementor-widget-heading\" data-id=\"e401795\" data-element_type=\"widget\" data-widget_type=\"heading.default\">\n\t\t\t\t<div class=\"elementor-widget-container\">\n\t\t\t<h6 class=\"elementor-heading-title elementor-size-default\">05.<\/h6>\t\t<\/div>\n\t\t\t\t<\/div>\n\t\t\t\t<div class=\"elementor-element elementor-element-cb5f4f1 elementor-widget elementor-widget-heading\" data-id=\"cb5f4f1\" data-element_type=\"widget\" data-widget_type=\"heading.default\">\n\t\t\t\t<div class=\"elementor-widget-container\">\n\t\t\t<h4 class=\"elementor-heading-title elementor-size-default\">Innovation <\/h4>\t\t<\/div>\n\t\t\t\t<\/div>\n\t\t\t\t<div class=\"elementor-element elementor-element-d899c5e elementor-widget elementor-widget-text-editor\" data-id=\"d899c5e\" data-element_type=\"widget\" data-widget_type=\"text-editor.default\">\n\t\t\t\t<div class=\"elementor-widget-container\">\n\t\t\t\t\t\t\t<p>We use modern tools and methods to make recruitment effective and fast<\/p>\t\t\t\t\t\t<\/div>\n\t\t\t\t<\/div>\n\t\t\t\t<\/div>\n\t\t<div class=\"elementor-element elementor-element-3c3bb85 e-con-full e-flex e-con e-child\" data-id=\"3c3bb85\" data-element_type=\"container\">\n\t\t\t\t<div class=\"elementor-element elementor-element-fb851c3 elementor-widget elementor-widget-heading\" data-id=\"fb851c3\" data-element_type=\"widget\" data-widget_type=\"heading.default\">\n\t\t\t\t<div class=\"elementor-widget-container\">\n\t\t\t<h6 class=\"elementor-heading-title elementor-size-default\">06.<\/h6>\t\t<\/div>\n\t\t\t\t<\/div>\n\t\t\t\t<div class=\"elementor-element elementor-element-95acaca elementor-widget elementor-widget-heading\" data-id=\"95acaca\" data-element_type=\"widget\" data-widget_type=\"heading.default\">\n\t\t\t\t<div class=\"elementor-widget-container\">\n\t\t\t<h4 class=\"elementor-heading-title elementor-size-default\">Flexibility<\/h4>\t\t<\/div>\n\t\t\t\t<\/div>\n\t\t\t\t<div class=\"elementor-element elementor-element-73db403 elementor-widget elementor-widget-text-editor\" data-id=\"73db403\" data-element_type=\"widget\" data-widget_type=\"text-editor.default\">\n\t\t\t\t<div class=\"elementor-widget-container\">\n\t\t\t\t\t\t\t<p>We tailor our activities to the unique needs of each client and market.\u00a0<\/p>\t\t\t\t\t\t<\/div>\n\t\t\t\t<\/div>\n\t\t\t\t<\/div>\n\t\t\t\t<\/div>\n\t\t\t\t<\/div>\n\t\t\t\t\t<\/div>\n\t\t\t\t<\/div>\n\t\t<div class=\"elementor-element elementor-element-8e8e58c e-con-full e-flex e-con e-parent\" data-id=\"8e8e58c\" data-element_type=\"container\">\n\t\t<div class=\"elementor-element elementor-element-a493308 e-con-full e-flex e-con e-child\" data-id=\"a493308\" data-element_type=\"container\" data-settings=\"{&quot;background_background&quot;:&quot;classic&quot;}\">\n\t\t\t\t<\/div>\n\t\t<div class=\"elementor-element elementor-element-bdfab81 e-con-full e-flex e-con e-child\" data-id=\"bdfab81\" data-element_type=\"container\" data-settings=\"{&quot;background_background&quot;:&quot;classic&quot;}\">\n\t\t\t\t<div class=\"elementor-element elementor-element-ee3fca8 elementor-widget elementor-widget-heading\" data-id=\"ee3fca8\" data-element_type=\"widget\" data-widget_type=\"heading.default\">\n\t\t\t\t<div class=\"elementor-widget-container\">\n\t\t\t<h2 class=\"elementor-heading-title elementor-size-default\">What sets us apart?<\/h2>\t\t<\/div>\n\t\t\t\t<\/div>\n\t\t\t\t<div class=\"elementor-element elementor-element-9d98c79 elementor-widget elementor-widget-text-editor\" data-id=\"9d98c79\" data-element_type=\"widget\" data-widget_type=\"text-editor.default\">\n\t\t\t\t<div class=\"elementor-widget-container\">\n\t\t\t\t\t\t\t<p>Our recruitment agency, despite being young, combines a fresh perspective with a wealth of experience gained from projects carried out by our team.\u00a0<\/p><p>We support clients and candidates every step of the way, adapting our methods to the dynamically changing needs of the market.\u00a0<\/p><p>We specialise in finding employees for multicultural teams, especially for positions requiring knowledge of languages such as Swedish, German.\u00a0<\/p><p>We provide access to qualified language specialists who are ready to support the development of companies in a multilingual environment\u00a0<\/p>\t\t\t\t\t\t<\/div>\n\t\t\t\t<\/div>\n\t\t\t\t<\/div>\n\t\t\t\t<\/div>\n\t\t<div class=\"elementor-element elementor-element-452d8e1 e-flex e-con-boxed e-con e-parent\" data-id=\"452d8e1\" data-element_type=\"container\">\n\t\t\t\t\t<div class=\"e-con-inner\">\n\t\t<div class=\"elementor-element elementor-element-b8b9ef5 e-con-full e-flex e-con e-child\" data-id=\"b8b9ef5\" data-element_type=\"container\">\n\t\t\t\t<div class=\"elementor-element elementor-element-f12331d elementor-widget elementor-widget-text-editor\" data-id=\"f12331d\" data-element_type=\"widget\" data-widget_type=\"text-editor.default\">\n\t\t\t\t<div class=\"elementor-widget-container\">\n\t\t\t\t\t\t\t<h4 style=\"text-align: center;\">Employment and placement agencies must be registered with the KRAZ and have a number assigned - check your security.<\/h4><h4 style=\"text-align: center;\">This obligation results from the Act (Act of 20 April 2004 on employment promotion and labour market institutions)<\/h4><h4 style=\"text-align: center;\">Explore our certificates <strong>\u21d3<\/strong><\/h4>\t\t\t\t\t\t<\/div>\n\t\t\t\t<\/div>\n\t\t\t\t<\/div>\n\t\t\t\t\t<\/div>\n\t\t\t\t<\/div>\n\t\t<div class=\"elementor-element elementor-element-a142f10 e-flex e-con-boxed e-con e-parent\" data-id=\"a142f10\" data-element_type=\"container\">\n\t\t\t\t\t<div class=\"e-con-inner\">\n\t\t<div class=\"elementor-element elementor-element-15ac156 e-con-full e-flex e-con e-child\" data-id=\"15ac156\" data-element_type=\"container\">\n\t\t\t\t<div class=\"elementor-element elementor-element-09083e3 elementor-widget elementor-widget-image\" data-id=\"09083e3\" data-element_type=\"widget\" data-widget_type=\"image.default\">\n\t\t\t\t<div class=\"elementor-widget-container\">\n\t\t\t\t\t\t\t\t\t\t\t\t\t<img fetchpriority=\"high\" decoding=\"async\" width=\"721\" height=\"1024\" src=\"https:\/\/staff4you.info\/wp-content\/uploads\/2024\/11\/Zrzut-ekranu-2024-11-26-o-11.01.51-721x1024.png\" class=\"attachment-large size-large wp-image-2640\" alt=\"\" srcset=\"https:\/\/staff4you.info\/wp-content\/uploads\/2024\/11\/Zrzut-ekranu-2024-11-26-o-11.01.51-721x1024.png 721w, https:\/\/staff4you.info\/wp-content\/uploads\/2024\/11\/Zrzut-ekranu-2024-11-26-o-11.01.51-211x300.png 211w, https:\/\/staff4you.info\/wp-content\/uploads\/2024\/11\/Zrzut-ekranu-2024-11-26-o-11.01.51-768x1091.png 768w, https:\/\/staff4you.info\/wp-content\/uploads\/2024\/11\/Zrzut-ekranu-2024-11-26-o-11.01.51-1082x1536.png 1082w, https:\/\/staff4you.info\/wp-content\/uploads\/2024\/11\/Zrzut-ekranu-2024-11-26-o-11.01.51-1000x1420.png 1000w, https:\/\/staff4you.info\/wp-content\/uploads\/2024\/11\/Zrzut-ekranu-2024-11-26-o-11.01.51-230x327.png 230w, https:\/\/staff4you.info\/wp-content\/uploads\/2024\/11\/Zrzut-ekranu-2024-11-26-o-11.01.51-350x497.png 350w, https:\/\/staff4you.info\/wp-content\/uploads\/2024\/11\/Zrzut-ekranu-2024-11-26-o-11.01.51-480x682.png 480w, https:\/\/staff4you.info\/wp-content\/uploads\/2024\/11\/Zrzut-ekranu-2024-11-26-o-11.01.51.png 1262w\" sizes=\"(max-width: 721px) 100vw, 721px\" \/>\t\t\t\t\t\t\t\t\t\t\t\t\t<\/div>\n\t\t\t\t<\/div>\n\t\t\t\t<\/div>\n\t\t<div class=\"elementor-element elementor-element-4e31668 e-con-full e-flex e-con e-child\" data-id=\"4e31668\" data-element_type=\"container\">\n\t\t\t\t<div class=\"elementor-element elementor-element-701c727 elementor-widget elementor-widget-image\" data-id=\"701c727\" data-element_type=\"widget\" data-widget_type=\"image.default\">\n\t\t\t\t<div class=\"elementor-widget-container\">\n\t\t\t\t\t\t\t\t\t\t\t\t\t<img decoding=\"async\" width=\"721\" height=\"1024\" src=\"https:\/\/staff4you.info\/wp-content\/uploads\/2024\/11\/Zrzut-ekranu-2024-11-26-o-11.01.26-721x1024.png\" class=\"attachment-large size-large wp-image-2639\" alt=\"\" srcset=\"https:\/\/staff4you.info\/wp-content\/uploads\/2024\/11\/Zrzut-ekranu-2024-11-26-o-11.01.26-721x1024.png 721w, https:\/\/staff4you.info\/wp-content\/uploads\/2024\/11\/Zrzut-ekranu-2024-11-26-o-11.01.26-211x300.png 211w, https:\/\/staff4you.info\/wp-content\/uploads\/2024\/11\/Zrzut-ekranu-2024-11-26-o-11.01.26-768x1091.png 768w, https:\/\/staff4you.info\/wp-content\/uploads\/2024\/11\/Zrzut-ekranu-2024-11-26-o-11.01.26-1082x1536.png 1082w, https:\/\/staff4you.info\/wp-content\/uploads\/2024\/11\/Zrzut-ekranu-2024-11-26-o-11.01.26-1000x1420.png 1000w, https:\/\/staff4you.info\/wp-content\/uploads\/2024\/11\/Zrzut-ekranu-2024-11-26-o-11.01.26-230x327.png 230w, https:\/\/staff4you.info\/wp-content\/uploads\/2024\/11\/Zrzut-ekranu-2024-11-26-o-11.01.26-350x497.png 350w, https:\/\/staff4you.info\/wp-content\/uploads\/2024\/11\/Zrzut-ekranu-2024-11-26-o-11.01.26-480x682.png 480w, https:\/\/staff4you.info\/wp-content\/uploads\/2024\/11\/Zrzut-ekranu-2024-11-26-o-11.01.26.png 1262w\" sizes=\"(max-width: 721px) 100vw, 721px\" \/>\t\t\t\t\t\t\t\t\t\t\t\t\t<\/div>\n\t\t\t\t<\/div>\n\t\t\t\t<\/div>\n\t\t\t\t\t<\/div>\n\t\t\t\t<\/div>\n\t\t\t\t<\/div>","protected":false},"excerpt":{"rendered":"<p>Nasza Misja i Warto\u015bci \u0141\u0105czymy firmy z talentami, tworz\u0105c mo\u017cliwo\u015bci rozwoju i sukcesu Kim jeste\u015bmy Jeste\u015bmy agencj\u0105 pracy, kt\u00f3ra pomaga pracodawcom i [&hellip;]<\/p>","protected":false},"author":1,"featured_media":0,"parent":0,"menu_order":0,"comment_status":"closed","ping_status":"closed","template":"","meta":{"footnotes":""},"class_list":["post-1464","page","type-page","status-publish","hentry"],"_links":{"self":[{"href":"https:\/\/staff4you.info\/en\/wp-json\/wp\/v2\/pages\/1464","targetHints":{"allow":["GET"]}}],"collection":[{"href":"https:\/\/staff4you.info\/en\/wp-json\/wp\/v2\/pages"}],"about":[{"href":"https:\/\/staff4you.info\/en\/wp-json\/wp\/v2\/types\/page"}],"author":[{"embeddable":true,"href":"https:\/\/staff4you.info\/en\/wp-json\/wp\/v2\/users\/1"}],"replies":[{"embeddable":true,"href":"https:\/\/staff4you.info\/en\/wp-json\/wp\/v2\/comments?post=1464"}],"version-history":[{"count":150,"href":"https:\/\/staff4you.info\/en\/wp-json\/wp\/v2\/pages\/1464\/revisions"}],"predecessor-version":[{"id":3211,"href":"https:\/\/staff4you.info\/en\/wp-json\/wp\/v2\/pages\/1464\/revisions\/3211"}],"wp:attachment":[{"href":"https:\/\/staff4you.info\/en\/wp-json\/wp\/v2\/media?parent=1464"}],"curies":[{"name":"wp","href":"https:\/\/api.w.org\/{rel}","templated":true}]}}