{"id":2070,"date":"2024-11-13T12:37:09","date_gmt":"2024-11-13T11:37:09","guid":{"rendered":"https:\/\/staff4you.info\/?page_id=2070"},"modified":"2025-08-04T15:04:22","modified_gmt":"2025-08-04T13:04:22","slug":"faq","status":"publish","type":"page","link":"https:\/\/staff4you.info\/en\/faq\/","title":{"rendered":"FAQ"},"content":{"rendered":"<div data-elementor-type=\"wp-page\" data-elementor-id=\"2070\" class=\"elementor elementor-2070\">\n\t\t\t\t<div class=\"elementor-element elementor-element-065a992 e-flex e-con-boxed e-con e-parent\" data-id=\"065a992\" data-element_type=\"container\">\n\t\t\t\t\t<div class=\"e-con-inner\">\n\t\t\t\t<div class=\"elementor-element elementor-element-048e200 elementor-widget elementor-widget-text-editor\" data-id=\"048e200\" data-element_type=\"widget\" data-widget_type=\"text-editor.default\">\n\t\t\t\t<div class=\"elementor-widget-container\">\n\t\t\t\t\t\t\t<p><strong>Zebrali\u015bmy tutaj najcz\u0119\u015bciej powtarzane pytania. Mamy nadziej\u0119, \u017ce b\u0119d\u0105 pomocne. Zawsze zapraszamy do kontaktu z nami &#8211; odpowiemy, doradzimy<\/strong><\/p>\t\t\t\t\t\t<\/div>\n\t\t\t\t<\/div>\n\t\t\t\t\t<\/div>\n\t\t\t\t<\/div>\n\t\t<div class=\"elementor-element elementor-element-3f718330 e-flex e-con-boxed e-con e-parent\" data-id=\"3f718330\" data-element_type=\"container\">\n\t\t\t\t\t<div class=\"e-con-inner\">\n\t\t\t\t<div class=\"elementor-element elementor-element-8ac0112 elementor-widget elementor-widget-text-editor\" data-id=\"8ac0112\" data-element_type=\"widget\" data-widget_type=\"text-editor.default\">\n\t\t\t\t<div class=\"elementor-widget-container\">\n\t\t\t\t\t\t\t<div class=\"wp-block-uagb-container uagb-block-dc431ba5 alignfull uagb-is-root-container\">\n<div class=\"uagb-container-inner-blocks-wrap\">\n<p><!-- wp:uagb\/advanced-heading {\"block_id\":\"072a6f04\",\"classMigrate\":true,\"headingDescToggle\":false,\"headingColor\":\"var(\\u002d\\u002dast-global-color-2)\"} --><\/p>\n<div class=\"wp-block-uagb-advanced-heading uagb-block-072a6f04\">\n<h1 class=\"uagb-heading-text\"><span style=\"font-size: 16px;\">Jak d\u0142ugo trwa proces rekrutacji w Pa\u0144stwa agencji?<\/span><\/h1>\n<\/div>\n<div class=\"wp-block-uagb-faq uagb-faq__outer-wrap uagb-block-a762b0bf uagb-faq-icon-row-reverse uagb-faq-layout-accordion uagb-faq-expand-first-true uagb-faq-inactive-other-true uagb-faq__wrap uagb-buttons-layout-wrap uagb-faq-equal-height\" role=\"tablist\" data-faqtoggle=\"true\">\n<div class=\"wp-block-uagb-faq-child uagb-faq-child__outer-wrap uagb-faq-item uagb-block-dfebf91f\" tabindex=\"0\" role=\"tab\">\n<div class=\"uagb-faq-content\">\n<p>Czas trwania procesu rekrutacji zale\u017cy od specyfiki stanowiska i wymaga\u0144 klienta. Zazwyczaj przedstawiamy pierwszych kandydat\u00f3w w ci\u0105gu 1-2 tygodni od rozpocz\u0119cia wsp\u00f3\u0142pracy. D\u0105\u017cymy do jak najszybszego znalezienia najlepszego dopasowania, dbaj\u0105c jednocze\u015bnie o jako\u015b\u0107 procesu rekrutacyjnego.<\/p>\n<\/div>\n<\/div>\n<p><!-- \/wp:uagb\/faq-child --><!-- wp:uagb\/faq-child {\"block_id\":\"6c0e651e\",\"question\":\"What payment methods do you accept?\",\"answer\":\"We accept various payment methods, including credit\/debit cards, PayPal, and bank transfers. At checkout, you will have the option to choose your preferred payment method.\",\"icon\":\"chevron-down\",\"iconActive\":\"chevron-up\",\"headingTag\":\"p\"} --><\/p>\n<div class=\"wp-block-uagb-faq-child uagb-faq-child__outer-wrap uagb-faq-item uagb-block-6c0e651e\" tabindex=\"0\" role=\"tab\">\n<div class=\"uagb-faq-questions-button uagb-faq-questions\">\n<p class=\"uagb-question\"><strong>Jakie s\u0105 koszty wsp\u00f3\u0142pracy z Pa\u0144stwa agencj\u0105?<\/strong><\/p>\n<\/div>\n<div class=\"uagb-faq-content\">\n<p>Koszt wsp\u00f3\u0142pracy zale\u017cy od poziomu stanowiska, rodzaju us\u0142ugi oraz innych indywidualnych ustale\u0144. Oferujemy elastyczne modele rozlicze\u0144, dostosowane do potrzeb klienta. Zach\u0119camy do kontaktu, aby uzyska\u0107 szczeg\u00f3\u0142ow\u0105 wycen\u0119 dopasowan\u0105 do Pa\u0144stwa rekrutacyjnych potrzeb<\/p>\n<\/div>\n<\/div>\n<p><!-- \/wp:uagb\/faq-child --><!-- wp:uagb\/faq-child {\"block_id\":\"1485fa05\",\"question\":\"How long does shipping take?\",\"answer\":\"Shipping times vary depending on your location. Typically, orders are processed within 1-2 business days, and delivery can take anywhere from 3-10 business days. You will receive a tracking number once your order has been shipped.\",\"icon\":\"chevron-down\",\"iconActive\":\"chevron-up\",\"headingTag\":\"p\"} --><\/p>\n<div class=\"wp-block-uagb-faq-child uagb-faq-child__outer-wrap uagb-faq-item uagb-block-1485fa05\" tabindex=\"0\" role=\"tab\">\n<div class=\"uagb-faq-questions-button uagb-faq-questions\">\n<p class=\"uagb-question\"><strong>Jakie informacje s\u0105 potrzebne, aby rozpocz\u0105\u0107 rekrutacj\u0119?<\/strong><\/p>\n<\/div>\n<div class=\"uagb-faq-content\">\n<p>Aby skutecznie przeprowadzi\u0107 rekrutacj\u0119, prosimy o przekazanie szczeg\u00f3\u0142owego opisu stanowiska, wymaganych kwalifikacji, a tak\u017ce preferencji dotycz\u0105cych do\u015bwiadczenia i kompetencji kandydat\u00f3w. Informacje o kulturze firmy oraz szczeg\u00f3lnych wymaganiach tak\u017ce pomog\u0105 nam znale\u017a\u0107 idealne dopasowanie.<\/p>\n<\/div>\n<\/div>\n<p><!-- \/wp:uagb\/faq-child --><!-- wp:uagb\/faq-child {\"block_id\":\"cf2af2e9\",\"question\":\"Do you offer international shipping?\",\"answer\":\"Yes, we offer international shipping to selected countries. During the checkout process, you will be able to see if your country is eligible for shipping. Please note that additional customs fees or taxes may apply upon delivery, which are the responsibility of the recipient.\",\"icon\":\"chevron-down\",\"iconActive\":\"chevron-up\",\"headingTag\":\"p\"} --><\/p>\n<div class=\"wp-block-uagb-faq-child uagb-faq-child__outer-wrap uagb-faq-item uagb-block-cf2af2e9\" tabindex=\"0\" role=\"tab\">\n<div class=\"uagb-faq-questions-button uagb-faq-questions\">\n<p class=\"uagb-question\"><strong>Co si\u0119 stanie, je\u015bli kandydat nie spe\u0142ni naszych oczekiwa\u0144?<\/strong><\/p>\n<\/div>\n<div class=\"uagb-faq-content\">\n<p>Zale\u017cy nam na pe\u0142nym zadowoleniu naszych klient\u00f3w, dlatego oferujemy gwarancj\u0119 na zatrudnionych kandydat\u00f3w. Je\u015bli w okre\u015blonym czasie kandydat oka\u017ce si\u0119 nieodpowiedni, bezp\u0142atnie wznowimy proces rekrutacji, aby znale\u017a\u0107 bardziej dopasowan\u0105 osob\u0119.<\/p>\n<\/div>\n<\/div>\n<p><!-- \/wp:uagb\/faq-child --><!-- wp:uagb\/faq-child {\"block_id\":\"c94e5cd2\",\"question\":\"What is your return policy?\",\"answer\":\"We have a 30-day return policy. If you are not satisfied with your purchase, you can return it for a refund or exchange within 30 days of receiving your order. Please reach out to our customer service team to initiate the return process.\",\"icon\":\"chevron-down\",\"iconActive\":\"chevron-up\",\"headingTag\":\"p\"} --><\/p>\n<div class=\"wp-block-uagb-faq-child uagb-faq-child__outer-wrap uagb-faq-item uagb-block-c94e5cd2\" tabindex=\"0\" role=\"tab\">\n<div class=\"uagb-faq-questions-button uagb-faq-questions\">\n<p class=\"uagb-question\"><strong>Czy pomagacie kandydatom z relokacj\u0105 lub procesem wizowym?<\/strong><\/p>\n<\/div>\n<div class=\"uagb-faq-content\">\n<p>Tak, w przypadku mi\u0119dzynarodowych rekrutacji wspieramy zar\u00f3wno pracodawc\u00f3w, jak i kandydat\u00f3w w procesie relokacji i formalno\u015bci zwi\u0105zanych z wiz\u0105, je\u015bli jest to konieczne. Wsp\u00f3\u0142pracujemy z odpowiednimi partnerami, aby upro\u015bci\u0107 proces i zapewni\u0107 p\u0142ynne przej\u015bcie dla nowych pracownik\u00f3w.<\/p>\n<\/div>\n<\/div>\n<p><!-- \/wp:uagb\/faq-child --><!-- wp:uagb\/faq-child {\"block_id\":\"e9cac560\",\"question\":\"Can I track my order?\",\"answer\":\"Yes, once your order has been shipped, you will receive a tracking number via email. You can use this tracking number to track the progress of your shipment on our website or the couriers website.\",\"icon\":\"chevron-down\",\"iconActive\":\"chevron-up\",\"headingTag\":\"p\"} --><\/p>\n<div class=\"wp-block-uagb-faq-child uagb-faq-child__outer-wrap uagb-faq-item uagb-block-e9cac560\" tabindex=\"0\" role=\"tab\">\n<div class=\"uagb-faq-questions-button uagb-faq-questions\">\n<p class=\"uagb-question\"><strong>Czy oferujecie us\u0142ugi weryfikacji umiej\u0119tno\u015bci i referencji kandydat\u00f3w?<\/strong><\/p>\n<\/div>\n<div class=\"uagb-faq-content\">\n<p>Tak, nasza agencja zapewnia kompleksow\u0105 weryfikacj\u0119 umiej\u0119tno\u015bci kandydat\u00f3w, w tym testy kompetencyjne oraz sprawdzenie referencji zawodowych. Dodatkowo, w razie potrzeby oferujemy testy psychometryczne, aby lepiej oceni\u0107, czy kandydat spe\u0142nia wszystkie wymagania i pasuje do Pa\u0144stwa zespo\u0142u<\/p>\n<\/div>\n<\/div>\n<p><!-- \/wp:uagb\/faq-child --><\/p>\n<\/div>\n<p><!-- \/wp:uagb\/faq --><\/p>\n<\/div>\n<\/div>\n<p><!-- \/wp:uagb\/container --><\/p>\t\t\t\t\t\t<\/div>\n\t\t\t\t<\/div>\n\t\t\t\t\t<\/div>\n\t\t\t\t<\/div>\n\t\t\t\t<\/div>","protected":false},"excerpt":{"rendered":"<p>Zebrali\u015bmy tutaj najcz\u0119\u015bciej powtarzane pytania. Mamy nadziej\u0119, \u017ce b\u0119d\u0105 pomocne. Zawsze zapraszamy do kontaktu z nami &#8211; odpowiemy, doradzimy<\/p>","protected":false},"author":1,"featured_media":2077,"parent":0,"menu_order":0,"comment_status":"closed","ping_status":"closed","template":"","meta":{"footnotes":""},"class_list":["post-2070","page","type-page","status-publish","has-post-thumbnail","hentry"],"_links":{"self":[{"href":"https:\/\/staff4you.info\/en\/wp-json\/wp\/v2\/pages\/2070","targetHints":{"allow":["GET"]}}],"collection":[{"href":"https:\/\/staff4you.info\/en\/wp-json\/wp\/v2\/pages"}],"about":[{"href":"https:\/\/staff4you.info\/en\/wp-json\/wp\/v2\/types\/page"}],"author":[{"embeddable":true,"href":"https:\/\/staff4you.info\/en\/wp-json\/wp\/v2\/users\/1"}],"replies":[{"embeddable":true,"href":"https:\/\/staff4you.info\/en\/wp-json\/wp\/v2\/comments?post=2070"}],"version-history":[{"count":43,"href":"https:\/\/staff4you.info\/en\/wp-json\/wp\/v2\/pages\/2070\/revisions"}],"predecessor-version":[{"id":3115,"href":"https:\/\/staff4you.info\/en\/wp-json\/wp\/v2\/pages\/2070\/revisions\/3115"}],"wp:featuredmedia":[{"embeddable":true,"href":"https:\/\/staff4you.info\/en\/wp-json\/wp\/v2\/media\/2077"}],"wp:attachment":[{"href":"https:\/\/staff4you.info\/en\/wp-json\/wp\/v2\/media?parent=2070"}],"curies":[{"name":"wp","href":"https:\/\/api.w.org\/{rel}","templated":true}]}}